{"id":1093,"date":"2019-01-30T10:06:16","date_gmt":"2019-01-30T08:06:16","guid":{"rendered":"http:\/\/kvsaudio.com\/?page_id=1093"},"modified":"2019-03-08T11:36:26","modified_gmt":"2019-03-08T09:36:26","slug":"matrix-quattro-ii","status":"publish","type":"page","link":"https:\/\/kvsaudio.com\/?page_id=1093","title":{"rendered":"Matrix Quattro II"},"content":{"rendered":"<div class=\"container matrix hidden\">\n<h2>Introduction<\/h2>\n<p>Reborn<\/p>\n<p>QUATTRO \u2161 is a new generation of multi-function DAC, ES9018S top level D\/A chip, XMOS U Series Asynchronous USB interface, LME49600 ultralow distortion headphone AMP and LME49720 ultralow distortion opamp, support up to 32Bit\/384kHz PCM and 1bit\/DSD256 signal playback. The well-developed upgradeable digital processing platform, the new design dynamic display, full port DSD supported, at meanwhile the built-in preamplifier make it with more perfect sound performance and easier to use.<\/p>\n<\/div>\n<div id=\"tabs-product\" class=\"\">\n<ul class=\"nav nav-tabs\">\n<li>\n        <a href=\"#intro\" data-toggle=\"tab\">Introduction<\/a><\/li>\n<li class=\"active\">\n        <a href=\"#gallery\" data-toggle=\"tab\">Gallery<\/a><\/li>\n<li><a href=\"#speciflcations\" data-toggle=\"tab\">Specifications<\/a><\/li>\n<li><a href=\"https:\/\/matrix-digi.com\/en\/reviews\/\" target=\"_blank\">Reviews<\/a><\/li>\n<\/ul>\n<div class=\"tab-content \">\n<div class=\"tab-pane\" id=\"intro\">\nReborn<\/p>\n<p>QUATTRO \u2161 is a new generation of multi-function DAC, ES9018S top level D\/A chip, XMOS U Series Asynchronous USB interface, LME49600 ultralow distortion headphone AMP and LME49720 ultralow distortion opamp, support up to 32Bit\/384kHz PCM and 1bit\/DSD256 signal playback. The well-developed upgradeable digital processing platform, the new design dynamic display, full port DSD supported, at meanwhile the built-in preamplifier make it with more perfect sound performance and easier to use.<\/p>\n<\/div>\n<div class=\"tab-pane active\" id=\"gallery\">\n<h3><\/h3>\n<div class=\"row mb-4\">\n<div class=\"col-12\">\n<figure>\n            <a class=\"d-block mb-4\" data-fancybox=\"images\" href=\"http:\/\/kvsaudio.com\/wp-content\/uploads\/2019\/01\/1.jpg\"><br \/>\n<img decoding=\"async\" class=\"img-fluid\" src=\"http:\/\/kvsaudio.com\/wp-content\/uploads\/2019\/01\/1-1024x680.jpg\"><br \/>\n<\/a><figcaption>\n<h6>Rocky mountain under blue and white sky<\/h6>\n<p><a href=\"https:\/\/unsplash.com\/photos\/lSXpV8bDeMA\">Photo by Guillaume Briard<\/a><\/p>\n<\/figcaption><\/figure>\n<\/div>\n<div class=\"col-6 col-lg-4\">\n<figure>\n            <a class=\"d-block mb-4\" data-fancybox=\"images\" href=\"\/wp-content\/uploads\/2019\/01\/2.jpg\"><br \/>\n<img decoding=\"async\" class=\"img-fluid\" src=\"\/wp-content\/uploads\/2019\/01\/2-1024x680.jpg\"><br \/>\n<\/a><figcaption>\n<h6>Man holding pair of ski poles in front of trees<\/h6>\n<p><a href=\"https:\/\/unsplash.com\/photos\/IbLZjKcelpM\">Photo by Oziel G\u00f3mez<\/a><br \/>\n<\/figcaption><\/figure>\n<figure>\n            <a class=\"d-block mb-4\" data-fancybox=\"images\" href=\"\/wp-content\/uploads\/2019\/01\/4.jpg\"><br \/>\n<img decoding=\"async\" class=\"img-fluid\" src=\"\/wp-content\/uploads\/2019\/01\/4-1024x680.jpg\"><br \/>\n<\/a><figcaption>\n<h6>Vaihingen an der Enz, Germany<\/h6>\n<p><a href=\"https:\/\/unsplash.com\/photos\/ty4X72BSsXY\">Photo by Oliver Roos<\/a><br \/>\n<\/figcaption><\/figure>\n<\/div>\n<div class=\"col-6 col-lg-4\">\n<figure>\n            <a class=\"d-block mb-4\" data-fancybox=\"images\" href=\"\/wp-content\/uploads\/2019\/01\/5.jpg\"><br \/>\n<img decoding=\"async\" class=\"img-fluid\" src=\"\/wp-content\/uploads\/2019\/01\/5-1024x680.jpg\"><br \/>\n<\/a><figcaption>\n<h6>Closeup photo of world globe<\/h6>\n<p><a href=\"https:\/\/unsplash.com\/photos\/QkPb5g9p338\">Photo by chuttersnap<\/a><br \/>\n<\/figcaption><\/figure>\n<figure>\n            <a class=\"d-block mb-4\" data-fancybox=\"images\" href=\"\/wp-content\/uploads\/2019\/01\/6.jpg\"><br \/>\n<img decoding=\"async\" class=\"img-fluid\" src=\"\/wp-content\/uploads\/2019\/01\/6-1024x680.jpg\"><br \/>\n<\/a><figcaption>\n<h6>Blessed are the curious, for they shall have adventures. \ud83d\udea9<\/h6>\n<p><a href=\"https:\/\/unsplash.com\/photos\/z55CR_d0ayg\">Photo by Andrew Neel<\/a><br \/>\n<\/figcaption><\/figure>\n<\/div>\n<p><!--\n\n\n<div class=\"col-6 col-lg-4 d-none d-lg-block\">\n\n\n<figure>\n            <a class=\"d-block mb-4\" data-fancybox=\"images\" href=\"\/wp-content\/uploads\/2019\/01\/1025.256.jpg\" data-width=\"1279\" data-height=\"870\">\n<img decoding=\"async\" class=\"img-fluid\" src=\"\/wp-content\/uploads\/2019\/01\/1025.256-1024x677.jpg\">\n<\/a>\n\n\n \n<figcaption>\n\n\n<h6>Aerial photo of person using paddleboard<\/h6>\n\n\n<a href=\"https:\/\/unsplash.com\/photos\/KgCbvOWYuU0\">Photo by Ishan @seefromthesky<\/a>\n<\/figcaption>\n \n<\/figure>\n\n\n\n\n<figure>\n            <a class=\"d-block mb-4\" data-fancybox=\"images\" href=\"\/wp-content\/uploads\/2019\/01\/1107_POSTER.333.png\">\n<img decoding=\"async\" class=\"img-fluid\" src=\"\/wp-content\/uploads\/2019\/01\/1107_POSTER.333-1024x677.png\">\n<\/a>\n\n\n \n<figcaption>\n\n\n<h6>Car on curve road surrounded by trees<\/h6>\n\n\n<a href=\"https:\/\/unsplash.com\/photos\/O7qK1vQY3p0\">Photo by Grant Porter<\/a>\n<\/figcaption>\n \n<\/figure>\n\n\n<\/div>\n\n\n--><\/p>\n<\/div>\n<\/div>\n<div class=\"tab-pane\" id=\"speciflcations\" role=\"tabpanel\">\n<div class=\"pp_title\">\n                <strong>Speciflcations<\/strong><\/div>\n<div class=\"row\">\n<div class=\"col-md-12\">\n<div class=\"panel\">\n<div class=\"panel-heading\">\n<h3 class=\"panel-title\">Technical<\/h3>\n<\/div>\n<div class=\"panel-body\">\n<h3>Digital Input<\/h3>\n<dl class=\"dl-horizontal\">\n<dt style=\"padding-top: 30px;\">AES<\/dt>\n<dd style=\"padding-top: 30px;\">PCM 16-24Bit\/44.1kHz, 48kHz, 88.2kHz, 96kHz, 176.4kHz, 192 kHz<\/dd>\n<dd>DSD DSD64\uff08DoP, dCS\uff09<\/dd>\n<dt style=\"padding-top: 30px;\">COAXIAL<\/dt>\n<dd style=\"padding-top: 30px;\">PCM 16-24Bit\/44.1kHz, 48kHz, 88.2kHz, 96kHz, 176.4kHz, 192 kHz<\/dd>\n<dd>DSD DSD64\uff08DoP, dCS\uff09<\/dd>\n<dt style=\"padding-top: 30px;\">OPTICAL<\/dt>\n<dd style=\"padding-top: 30px;\">PCM 16-24Bit\/44.1kHz, 48kHz, 88.2kHz, 96kHz, 176.4kHz, 192 kHz<\/dd>\n<dd>DSD DSD64\uff08DoP, dCS\uff09<\/dd>\n<dt style=\"padding-top: 30px;\">USB<\/dt>\n<dd style=\"padding-top: 30px;\">PCM 16-32Bit\/44.1kHz, 48 kHz, 88.2 kHz, 96 kHz<\/dd>\n<dd>176.4 kHz, 192 kHz, 352.8 kHz, 384 kHz<\/dd>\n<dd>DSD DSD64 \/DSD128\uff08DoP, dCS\uff09<\/dd>\n<dd>DSD64 \/DSD128 \/ DSD256\uff08ASIO Native\uff09<\/dd>\n<dd>* Basic type not supports DSD playback<\/dd>\n<\/dl>\n<h3>System Support<\/h3>\n<dl class=\"dl-horizontal\">\n<dd>Windows 7\/8\/8.1\/10 systems need to install the supplied drivers<\/dd>\n<dd>Mac OS X10.6.4 and above version without installing drivers<\/dd>\n<dd>Can be used with the most of Android devices via the OTG cable<\/dd>\n<dd>Can be used with iOS devices via Lightning to USB Camera Adapter<\/dd>\n<\/dl>\n<h3>Analog output<\/h3>\n<dl class=\"dl-horizontal\">\n<dt style=\"padding-top: 30px;\">SNR<\/dt>\n<dd style=\"padding-top: 30px;\">\uff1e-122dB 20Hz-20kHz A-Weighting<\/dd>\n<dt style=\"padding-top: 30px;\">THD+N<\/dt>\n<dd style=\"padding-top: 30px;\">\uff1c0.0003% at 1kHz A-Weighting<\/dd>\n<dt style=\"padding-top: 30px;\">Frequency Response<\/dt>\n<dd style=\"padding-top: 30px;\">20Hz-20kHz (+0.01dB\/-0.02dB)<\/dd>\n<dt style=\"padding-top: 30px;\">Crosstalk<\/dt>\n<dd style=\"padding-top: 30px;\">\uff1e-120dB at 1kHz<\/dd>\n<\/dl>\n<h3>DAC MODE<\/h3>\n<dl class=\"dl-horizontal\">\n<dt style=\"padding-top: 30px;\">XLR output<\/dt>\n<dd style=\"padding-top: 30px;\">4Vrms Fixed at 0dBFS<\/dd>\n<dt style=\"padding-top: 30px;\">RCA output<\/dt>\n<dd style=\"padding-top: 30px;\">2VrmS Fixed at 0dBFS<\/dd>\n<\/dl>\n<h3>PRE MODE 0dB<\/h3>\n<dl class=\"dl-horizontal\">\n<dt style=\"padding-top: 30px;\">XLR output<\/dt>\n<dd style=\"padding-top: 30px;\">0-4Vrms Adjustable at 0dBFS<\/dd>\n<dt style=\"padding-top: 30px;\">RCA output<\/dt>\n<dd style=\"padding-top: 30px;\">0-2VrmS Adjustable at 0dBFS<\/dd>\n<\/dl>\n<h3>PRE MODE +10dB<\/h3>\n<dl class=\"dl-horizontal\">\n<dt style=\"padding-top: 30px;\">XLR output<\/dt>\n<dd style=\"padding-top: 30px;\">0-12Vrms Adjustable at 0dBFS<\/dd>\n<dt style=\"padding-top: 30px;\">RCA output<\/dt>\n<dd style=\"padding-top: 30px;\">0-6Vrms Adjustable at 0dBFS<\/dd>\n<\/dl>\n<h3>Headphone Output<\/h3>\n<dl class=\"dl-horizontal\">\n<dt style=\"padding-top: 30px;\">Output Impedance<\/dt>\n<dd style=\"padding-top: 30px;\">0.3ohms<\/dd>\n<dt style=\"padding-top: 30px;\">Output power<\/dt>\n<dd style=\"padding-top: 30px;\">1000mW at 33ohms at THD+N=0.01%<\/dd>\n<dd>140mW at 300ohms at THD+N=0.01%<\/dd>\n<dd>80mW at 600ohms at THD+N=0.01%<\/dd>\n<\/dl>\n<p>\u00a0<\/p>\n<\/div>\n<\/div>\n<\/div>\n<\/div>\n<div class=\"row\">\n<div class=\"col-md-4\">\n<div class=\"panel \">\n<div class=\"panel-heading\">\n<h3 class=\"panel-title\">Power<\/h3>\n<\/div>\n<div class=\"panel-body\">\n<dl class=\"dl-horizontal\">\n<dt style=\"padding-top: 30px;\">Power Voltage<\/dt>\n<dd style=\"padding-top: 30px;\">230V position is fit for AC220V-240V 50\/60Hz<\/dd>\n<dd>115V position is fit for AC100V-120V 50\/60Hz<\/dd>\n<dt style=\"padding-top: 30px;\">Power Consumption<\/dt>\n<dd style=\"padding-top: 30px;\">\uff1c25W<\/dd>\n<dt style=\"padding-top: 30px;\">Fuse<\/dt>\n<dd style=\"padding-top: 30px;\">AC 250V\/500mA 5\u00d720mm<\/dd>\n<\/dl>\n<\/div>\n<\/div>\n<\/div>\n<div class=\"col-md-4\">\n<div class=\"panel \">\n<div class=\"panel-heading\">\n<h3 class=\"panel-title\">Others<\/h3>\n<\/div>\n<div class=\"panel-body\">\n<dl class=\"dl-horizontal\">\n<dt style=\"padding-top: 30px;\">Dimension<\/dt>\n<dd style=\"padding-top: 30px;\">205\u00d7232\u00d749mm (L\u00d7W\u00d7H, Including the projecting parts)<\/dd>\n<dt style=\"padding-top: 30px;\">Weight<\/dt>\n<dd style=\"padding-top: 30px;\">1.83kg<\/dd>\n<\/dl>\n<\/div>\n<\/div>\n<\/div>\n<div class=\"col-md-4\">\n<div class=\"panel \">\n<div class=\"panel-heading\">\n<h3 class=\"panel-title\">Accessory<\/h3>\n<\/div>\n<div class=\"panel-body\">\n<dl class=\"dl-horizontal\">\n<dt style=\"padding-top: 30px;\">Driver&Manual Disk<\/dt>\n<dd style=\"padding-top: 30px;\">\u00d7 1<\/dd>\n<dt style=\"padding-top: 30px;\">Power Cord<\/dt>\n<dd style=\"padding-top: 30px;\">\u00d7 1<\/dd>\n<dt style=\"padding-top: 30px;\">USB Cable<\/dt>\n<dd style=\"padding-top: 30px;\">\u00d7 1<\/dd>\n<dt style=\"padding-top: 30px;\">RM2 Remote<\/dt>\n<dd style=\"padding-top: 30px;\">\u00d7 1<\/dd>\n<\/dl>\n<\/div>\n<\/div>\n<\/div>\n<\/div>\n<p><a href=\"https:\/\/www.matrix-digi.com\/en\/products\/317.html#speciflcations\" target=\"_blank\">Click here<\/a><\/p>\n<\/div>\n<p><!--\n\n\n<h3>Specifications<\/h3>\n\n\n--><\/p>\n<div class=\"tab-pane\" id=\"3\">\n<h3>add clearfix to tab-content (see the css)<\/h3>\n<\/div>\n<\/div>\n<\/div>\n","protected":false},"excerpt":{"rendered":"<p>Introduction Reborn QUATTRO \u2161 is a new generation of multi-function DAC, ES9018S top level D\/A chip, XMOS U Series Asynchronous USB interface, LME49600 ultralow distortion headphone AMP and LME49720 ultralow distortion opamp, support up to 32Bit\/384kHz PCM and 1bit\/DSD256 signal playback. The well-developed upgradeable digital processing platform, the new design dynamic display, full port DSD<\/p>\n<div><a class=\"btn-filled btn\" href=\"https:\/\/kvsaudio.com\/?page_id=1093\" title=\"Matrix Quattro II\">Read More<\/a><\/div>\n","protected":false},"author":1,"featured_media":0,"parent":0,"menu_order":0,"comment_status":"closed","ping_status":"closed","template":"","meta":{"footnotes":""},"class_list":["post-1093","page","type-page","status-publish","hentry"],"_links":{"self":[{"href":"https:\/\/kvsaudio.com\/index.php?rest_route=\/wp\/v2\/pages\/1093","targetHints":{"allow":["GET"]}}],"collection":[{"href":"https:\/\/kvsaudio.com\/index.php?rest_route=\/wp\/v2\/pages"}],"about":[{"href":"https:\/\/kvsaudio.com\/index.php?rest_route=\/wp\/v2\/types\/page"}],"author":[{"embeddable":true,"href":"https:\/\/kvsaudio.com\/index.php?rest_route=\/wp\/v2\/users\/1"}],"replies":[{"embeddable":true,"href":"https:\/\/kvsaudio.com\/index.php?rest_route=%2Fwp%2Fv2%2Fcomments&post=1093"}],"version-history":[{"count":18,"href":"https:\/\/kvsaudio.com\/index.php?rest_route=\/wp\/v2\/pages\/1093\/revisions"}],"predecessor-version":[{"id":1487,"href":"https:\/\/kvsaudio.com\/index.php?rest_route=\/wp\/v2\/pages\/1093\/revisions\/1487"}],"wp:attachment":[{"href":"https:\/\/kvsaudio.com\/index.php?rest_route=%2Fwp%2Fv2%2Fmedia&parent=1093"}],"curies":[{"name":"wp","href":"https:\/\/api.w.org\/{rel}","templated":true}]}}